{"id":168,"date":"2015-06-03T11:20:13","date_gmt":"2015-06-03T11:20:13","guid":{"rendered":"http:\/\/www.parigiocara.it\/?page_id=168"},"modified":"2015-06-03T11:20:13","modified_gmt":"2015-06-03T11:20:13","slug":"cookie-privacy-policy","status":"publish","type":"page","link":"http:\/\/www.parigiocara.it\/index.php\/cookie-privacy-policy\/","title":{"rendered":"Cookie privacy policy"},"content":{"rendered":"<p><b>Cookie privacy policy<\/b><\/p>\n<p>In questa pagina puoi trovare le informazioni necessarie sull&#8217;uso dei cookies effettuato su questo sito internet e le modalit\u00e0 per identificarli e disabilitarli o cancellarli.<br \/>\nQuesta Policy pu\u00f2 essere aggiornata in qualsiasi momento per modifica della normativa vigente o per qualsiasi cambiamento nella configurazione e tipologia dei cookies utilizzati.<\/p>\n<p><b>Quali cookies utilizziamo e a quale scopo<\/b><\/p>\n<p>Questo sito utilizza i seguenti tipi di cookies:<\/p>\n<ul>\n<li><b>Cookie di sessione (o tecnici):<\/b>\u00a0temporanei che consentono all&#8217;utente di accedere a servizi personalizzati ed a sfruttare appieno le funzionalit\u00e0 del sito.<\/li>\n<li><b>Cookie di analisi<\/b>: sia temporanei che permanenti, permettono di raccogliere in modo aggregato informazioni relative al comportamento degli utenti sul sito e quindi migliorarne l&#8217;esperienza ed i contenuti forniti. Le informazioni raccolte in questo modo non hanno valenza personale in quanto i dati sono raccolti e analizzati in forma anonima. Utilizziamo specificatamente i cookie di <b>Google Analytics.<\/b><\/li>\n<li><b>Cookie sociali<\/b>: sono forniti direttamente dai domini dei social media che ospitiamo tramite link a pagine ufficiali, pulsanti di condivisione e collegamenti. L&#8217;uso di tali pulsanti e funzionalit\u00e0 implica lo scambio di informazioni con tali siti, pertanto la gestione delle informazioni e le modalit\u00e0 per eliminarle \u00e8 regolamentata dagli stessi: si invita l&#8217;utente a consultare le rispettive informative sulla privacy di ciascuno dei siti in oggetto.<\/li>\n<\/ul>\n<p>L&#8217;utilizzo di tali cookies \u00e8 di carattere puramente anonimo, non vengono collezionate informazioni personali a meno che l&#8217;utente non intenda fornirle esplicitamente inviando moduli di contatto o richiesta informazioni.<\/p>\n<p><b>Accettare o rifiutare i cookies \u00e8 un tuo diritto<\/b><\/p>\n<p>Navigando sul nostro sito, implicitamente\u00a0<b>acconsenti<\/b>\u00a0all&#8217;utilizzo dei cookies suddetti. Per impostazioni predefinite i browser generalmente accettano l&#8217;utilizzo dei cookies sia provenienti dal nostro sito che dai siti terzi. E&#8217; comunque possibile modificare tali impostazioni e scegliere tra l&#8217;accettazione incondizionata, la visualizzazione di una finestra popup che richiede una azione esplicita da parte dell&#8217;utente o il rifiuto dei cookies indistintamente.<\/p>\n<p>Per gestire l&#8217;uso dei cookies \u00e8 necessario modificare le impostazioni del browser tramite la relativa barra degli strumenti.<\/p>\n<p>\u00c8 possibile disabilitare i cookies di Google Analytics visitando la pagina web di Google (<a href=\"https:\/\/tools.google.com\/dlpage\/gaoptout\" onclick=\"__gaTracker('send', 'event', 'outbound-article', 'https:\/\/tools.google.com\/dlpage\/gaoptout', 'Google GaOptOut');\" title=\"Google Opt Out tool\"  target=\"_blank\">Google GaOptOut<\/a>) e scaricando il componente aggiuntivo per il browser utilizzato.<\/p>\n<p>Ricorda che devi settare le preferenze sui cookies per ogni dispositivo ed ogni browser utilizzato nella navigazione su internet.<\/p>\n<p>Per consentire al sito Web di funzionare correttamente, sfruttarne le funzionalit\u00e0 e l&#8217;uso nella sua completezza, consigliamo di accettare l&#8217;uso dei cookies sia nostri che di terze parti.<\/p>\n","protected":false},"excerpt":{"rendered":"<p>Cookie privacy policy In questa pagina puoi trovare le informazioni necessarie sull&#8217;uso dei cookies effettuato su questo sito internet e le modalit\u00e0 per identificarli e disabilitarli o cancellarli. Questa Policy pu\u00f2 essere aggiornata in qualsiasi momento per modifica della normativa vigente o per qualsiasi cambiamento nella configurazione e tipologia dei cookies utilizzati. Quali cookies utilizziamo [&hellip;]<\/p>\n","protected":false},"author":1,"featured_media":0,"parent":0,"menu_order":0,"comment_status":"closed","ping_status":"open","template":"","meta":[],"_links":{"self":[{"href":"http:\/\/www.parigiocara.it\/index.php\/wp-json\/wp\/v2\/pages\/168"}],"collection":[{"href":"http:\/\/www.parigiocara.it\/index.php\/wp-json\/wp\/v2\/pages"}],"about":[{"href":"http:\/\/www.parigiocara.it\/index.php\/wp-json\/wp\/v2\/types\/page"}],"author":[{"embeddable":true,"href":"http:\/\/www.parigiocara.it\/index.php\/wp-json\/wp\/v2\/users\/1"}],"replies":[{"embeddable":true,"href":"http:\/\/www.parigiocara.it\/index.php\/wp-json\/wp\/v2\/comments?post=168"}],"version-history":[{"count":1,"href":"http:\/\/www.parigiocara.it\/index.php\/wp-json\/wp\/v2\/pages\/168\/revisions"}],"predecessor-version":[{"id":169,"href":"http:\/\/www.parigiocara.it\/index.php\/wp-json\/wp\/v2\/pages\/168\/revisions\/169"}],"wp:attachment":[{"href":"http:\/\/www.parigiocara.it\/index.php\/wp-json\/wp\/v2\/media?parent=168"}],"curies":[{"name":"wp","href":"https:\/\/api.w.org\/{rel}","templated":true}]}}